{"id":273,"date":"2023-08-28T13:09:43","date_gmt":"2023-08-28T13:09:43","guid":{"rendered":"https:\/\/servigestbarberan.es\/?page_id=273"},"modified":"2023-09-07T13:06:42","modified_gmt":"2023-09-07T13:06:42","slug":"juridic","status":"publish","type":"page","link":"https:\/\/servigestbarberan.es\/cat\/juridic\/","title":{"rendered":"Jur\u00eddic"},"content":{"rendered":"\t\t<div data-elementor-type=\"wp-page\" data-elementor-id=\"273\" class=\"elementor elementor-273\" data-elementor-post-type=\"page\">\n\t\t\t\t<div class=\"elementor-element elementor-element-e02552a e-flex e-con-boxed e-con e-parent\" data-id=\"e02552a\" data-element_type=\"container\" data-e-type=\"container\" data-settings=\"{&quot;background_background&quot;:&quot;classic&quot;}\">\n\t\t\t\t\t<div class=\"e-con-inner\">\n\t\t\t\t<div class=\"elementor-element elementor-element-b18e586 elementor-widget elementor-widget-heading\" data-id=\"b18e586\" data-element_type=\"widget\" data-e-type=\"widget\" data-widget_type=\"heading.default\">\n\t\t\t\t<div class=\"elementor-widget-container\">\n\t\t\t\t\t<h1 class=\"elementor-heading-title elementor-size-default\">Jur\u00eddic<\/h1>\t\t\t\t<\/div>\n\t\t\t\t<\/div>\n\t\t\t\t\t<\/div>\n\t\t\t\t<\/div>\n\t\t<div class=\"elementor-element elementor-element-fc52b2e e-flex e-con-boxed e-con e-parent\" data-id=\"fc52b2e\" data-element_type=\"container\" data-e-type=\"container\" data-settings=\"{&quot;background_background&quot;:&quot;classic&quot;}\">\n\t\t\t\t\t<div class=\"e-con-inner\">\n\t\t\t\t<div class=\"elementor-element elementor-element-091fedf elementor-widget elementor-widget-heading\" data-id=\"091fedf\" data-element_type=\"widget\" data-e-type=\"widget\" data-widget_type=\"heading.default\">\n\t\t\t\t<div class=\"elementor-widget-container\">\n\t\t\t\t\t<span class=\"elementor-heading-title elementor-size-default\">Des del despatx realitzem contractes civils o mercantils, assessorament i representaci\u00f3 jur\u00eddica en el funcionament de negocis o empreses.<\/span>\t\t\t\t<\/div>\n\t\t\t\t<\/div>\n\t\t\t\t\t<\/div>\n\t\t\t\t<\/div>\n\t\t<div class=\"elementor-element elementor-element-300037a e-flex e-con-boxed e-con e-parent\" data-id=\"300037a\" data-element_type=\"container\" data-e-type=\"container\">\n\t\t\t\t\t<div class=\"e-con-inner\">\n\t\t\t\t<div class=\"elementor-element elementor-element-fa5201f elementor-widget elementor-widget-text-editor\" data-id=\"fa5201f\" data-element_type=\"widget\" data-e-type=\"widget\" data-widget_type=\"text-editor.default\">\n\t\t\t\t<div class=\"elementor-widget-container\">\n\t\t\t\t\t\t\t\t\t<p>Des del primer contacte, el nostre equip i els nostres recursos estan preparats per realitzar un acompanyament als nostres clients en l\u2019assoliment d\u2019objectius empresarials, ja sigui des de l\u2019inici en la creaci\u00f3 de l\u2019empresa, a la reestructuraci\u00f3 o reorientaci\u00f3 de negocis o empreses.<\/p><p>Creiem que la Consultoria no \u00e9s exclusiva de les grans empreses. Un dels nostres objectius \u00e9s portar la consultoria al m\u00f3n de la petita i mitjana empresa.<\/p><p>Establir metodologies de treball conjuntes amb els nostres clients, reforcen i milloren les relacions empresarials, generant confian\u00e7a i ens encaminen cap a l\u2019\u00e8xit compartit.<\/p><p>A trav\u00e9s de la consultoria, volem satisfer necessitats empresarials. Ajudar i solucionar els inconvenients i entrebancs que aniran sorgint durant el dia a dia, orientar i millorar els processos de treball i la presa de decisions, definir, controlar i assolir els objectius de cada projecte, negoci o empresa.<\/p>\t\t\t\t\t\t\t\t<\/div>\n\t\t\t\t<\/div>\n\t\t\t\t\t<\/div>\n\t\t\t\t<\/div>\n\t\t\t\t<\/div>\n\t\t","protected":false},"excerpt":{"rendered":"<p>Des del despatx realitzem contractes civils o mercantils, assessorament i representaci\u00f3 jur\u00eddica en el funcionament de negocis o empreses. Des del primer contacte, el nostre equip i els nostres recursos estan preparats per realitzar un acompanyament als nostres clients en l\u2019assoliment d\u2019objectius empresarials, ja sigui des de l\u2019inici en la creaci\u00f3 de l\u2019empresa, a la [&hellip;]<\/p>\n","protected":false},"author":2,"featured_media":0,"parent":0,"menu_order":0,"comment_status":"closed","ping_status":"closed","template":"","meta":{"footnotes":""},"class_list":["post-273","page","type-page","status-publish","hentry"],"yoast_head":"<!-- This site is optimized with the Yoast SEO plugin v27.4 - https:\/\/yoast.com\/product\/yoast-seo-wordpress\/ -->\n<title>Jur\u00eddic - Servigest barberan CAT<\/title>\n<meta name=\"robots\" content=\"index, follow, max-snippet:-1, max-image-preview:large, max-video-preview:-1\" \/>\n<link rel=\"canonical\" href=\"https:\/\/servigestbarberan.es\/cat\/juridic\/\" \/>\n<meta property=\"og:locale\" content=\"ca_ES\" \/>\n<meta property=\"og:type\" content=\"article\" \/>\n<meta property=\"og:title\" content=\"Jur\u00eddic - Servigest barberan CAT\" \/>\n<meta property=\"og:description\" content=\"Des del despatx realitzem contractes civils o mercantils, assessorament i representaci\u00f3 jur\u00eddica en el funcionament de negocis o empreses. Des del primer contacte, el nostre equip i els nostres recursos estan preparats per realitzar un acompanyament als nostres clients en l\u2019assoliment d\u2019objectius empresarials, ja sigui des de l\u2019inici en la creaci\u00f3 de l\u2019empresa, a la [&hellip;]\" \/>\n<meta property=\"og:url\" content=\"https:\/\/servigestbarberan.es\/cat\/juridic\/\" \/>\n<meta property=\"og:site_name\" content=\"Servigest barberan CAT\" \/>\n<meta property=\"article:modified_time\" content=\"2023-09-07T13:06:42+00:00\" \/>\n<meta name=\"twitter:card\" content=\"summary_large_image\" \/>\n<meta name=\"twitter:label1\" content=\"Temps estimat de lectura\" \/>\n\t<meta name=\"twitter:data1\" content=\"1 minut\" \/>\n<script type=\"application\/ld+json\" class=\"yoast-schema-graph\">{\"@context\":\"https:\\\/\\\/schema.org\",\"@graph\":[{\"@type\":\"WebPage\",\"@id\":\"https:\\\/\\\/servigestbarberan.es\\\/cat\\\/juridic\\\/\",\"url\":\"https:\\\/\\\/servigestbarberan.es\\\/cat\\\/juridic\\\/\",\"name\":\"Jur\u00eddic - Servigest barberan CAT\",\"isPartOf\":{\"@id\":\"https:\\\/\\\/servigestbarberan.es\\\/cat\\\/#website\"},\"datePublished\":\"2023-08-28T13:09:43+00:00\",\"dateModified\":\"2023-09-07T13:06:42+00:00\",\"breadcrumb\":{\"@id\":\"https:\\\/\\\/servigestbarberan.es\\\/cat\\\/juridic\\\/#breadcrumb\"},\"inLanguage\":\"ca\",\"potentialAction\":[{\"@type\":\"ReadAction\",\"target\":[\"https:\\\/\\\/servigestbarberan.es\\\/cat\\\/juridic\\\/\"]}]},{\"@type\":\"BreadcrumbList\",\"@id\":\"https:\\\/\\\/servigestbarberan.es\\\/cat\\\/juridic\\\/#breadcrumb\",\"itemListElement\":[{\"@type\":\"ListItem\",\"position\":1,\"name\":\"Portada\",\"item\":\"https:\\\/\\\/servigestbarberan.es\\\/cat\\\/\"},{\"@type\":\"ListItem\",\"position\":2,\"name\":\"Jur\u00eddic\"}]},{\"@type\":\"WebSite\",\"@id\":\"https:\\\/\\\/servigestbarberan.es\\\/cat\\\/#website\",\"url\":\"https:\\\/\\\/servigestbarberan.es\\\/cat\\\/\",\"name\":\"Servigest barberan CAT\",\"description\":\"Consultoria d&#039;empreses\",\"publisher\":{\"@id\":\"https:\\\/\\\/servigestbarberan.es\\\/cat\\\/#organization\"},\"potentialAction\":[{\"@type\":\"SearchAction\",\"target\":{\"@type\":\"EntryPoint\",\"urlTemplate\":\"https:\\\/\\\/servigestbarberan.es\\\/cat\\\/?s={search_term_string}\"},\"query-input\":{\"@type\":\"PropertyValueSpecification\",\"valueRequired\":true,\"valueName\":\"search_term_string\"}}],\"inLanguage\":\"ca\"},{\"@type\":\"Organization\",\"@id\":\"https:\\\/\\\/servigestbarberan.es\\\/cat\\\/#organization\",\"name\":\"Servigest barberan CAT\",\"url\":\"https:\\\/\\\/servigestbarberan.es\\\/cat\\\/\",\"logo\":{\"@type\":\"ImageObject\",\"inLanguage\":\"ca\",\"@id\":\"https:\\\/\\\/servigestbarberan.es\\\/cat\\\/#\\\/schema\\\/logo\\\/image\\\/\",\"url\":\"https:\\\/\\\/servigestbarberan.es\\\/cat\\\/wp-content\\\/uploads\\\/sites\\\/2\\\/2021\\\/06\\\/favicon.png\",\"contentUrl\":\"https:\\\/\\\/servigestbarberan.es\\\/cat\\\/wp-content\\\/uploads\\\/sites\\\/2\\\/2021\\\/06\\\/favicon.png\",\"width\":86,\"height\":117,\"caption\":\"Servigest barberan CAT\"},\"image\":{\"@id\":\"https:\\\/\\\/servigestbarberan.es\\\/cat\\\/#\\\/schema\\\/logo\\\/image\\\/\"},\"sameAs\":[\"https:\\\/\\\/www.linkedin.com\\\/company\\\/servigest-barberan\\\/\"]}]}<\/script>\n<!-- \/ Yoast SEO plugin. -->","yoast_head_json":{"title":"Jur\u00eddic - Servigest barberan CAT","robots":{"index":"index","follow":"follow","max-snippet":"max-snippet:-1","max-image-preview":"max-image-preview:large","max-video-preview":"max-video-preview:-1"},"canonical":"https:\/\/servigestbarberan.es\/cat\/juridic\/","og_locale":"ca_ES","og_type":"article","og_title":"Jur\u00eddic - Servigest barberan CAT","og_description":"Des del despatx realitzem contractes civils o mercantils, assessorament i representaci\u00f3 jur\u00eddica en el funcionament de negocis o empreses. Des del primer contacte, el nostre equip i els nostres recursos estan preparats per realitzar un acompanyament als nostres clients en l\u2019assoliment d\u2019objectius empresarials, ja sigui des de l\u2019inici en la creaci\u00f3 de l\u2019empresa, a la [&hellip;]","og_url":"https:\/\/servigestbarberan.es\/cat\/juridic\/","og_site_name":"Servigest barberan CAT","article_modified_time":"2023-09-07T13:06:42+00:00","twitter_card":"summary_large_image","twitter_misc":{"Temps estimat de lectura":"1 minut"},"schema":{"@context":"https:\/\/schema.org","@graph":[{"@type":"WebPage","@id":"https:\/\/servigestbarberan.es\/cat\/juridic\/","url":"https:\/\/servigestbarberan.es\/cat\/juridic\/","name":"Jur\u00eddic - Servigest barberan CAT","isPartOf":{"@id":"https:\/\/servigestbarberan.es\/cat\/#website"},"datePublished":"2023-08-28T13:09:43+00:00","dateModified":"2023-09-07T13:06:42+00:00","breadcrumb":{"@id":"https:\/\/servigestbarberan.es\/cat\/juridic\/#breadcrumb"},"inLanguage":"ca","potentialAction":[{"@type":"ReadAction","target":["https:\/\/servigestbarberan.es\/cat\/juridic\/"]}]},{"@type":"BreadcrumbList","@id":"https:\/\/servigestbarberan.es\/cat\/juridic\/#breadcrumb","itemListElement":[{"@type":"ListItem","position":1,"name":"Portada","item":"https:\/\/servigestbarberan.es\/cat\/"},{"@type":"ListItem","position":2,"name":"Jur\u00eddic"}]},{"@type":"WebSite","@id":"https:\/\/servigestbarberan.es\/cat\/#website","url":"https:\/\/servigestbarberan.es\/cat\/","name":"Servigest barberan CAT","description":"Consultoria d&#039;empreses","publisher":{"@id":"https:\/\/servigestbarberan.es\/cat\/#organization"},"potentialAction":[{"@type":"SearchAction","target":{"@type":"EntryPoint","urlTemplate":"https:\/\/servigestbarberan.es\/cat\/?s={search_term_string}"},"query-input":{"@type":"PropertyValueSpecification","valueRequired":true,"valueName":"search_term_string"}}],"inLanguage":"ca"},{"@type":"Organization","@id":"https:\/\/servigestbarberan.es\/cat\/#organization","name":"Servigest barberan CAT","url":"https:\/\/servigestbarberan.es\/cat\/","logo":{"@type":"ImageObject","inLanguage":"ca","@id":"https:\/\/servigestbarberan.es\/cat\/#\/schema\/logo\/image\/","url":"https:\/\/servigestbarberan.es\/cat\/wp-content\/uploads\/sites\/2\/2021\/06\/favicon.png","contentUrl":"https:\/\/servigestbarberan.es\/cat\/wp-content\/uploads\/sites\/2\/2021\/06\/favicon.png","width":86,"height":117,"caption":"Servigest barberan CAT"},"image":{"@id":"https:\/\/servigestbarberan.es\/cat\/#\/schema\/logo\/image\/"},"sameAs":["https:\/\/www.linkedin.com\/company\/servigest-barberan\/"]}]}},"_links":{"self":[{"href":"https:\/\/servigestbarberan.es\/cat\/wp-json\/wp\/v2\/pages\/273","targetHints":{"allow":["GET"]}}],"collection":[{"href":"https:\/\/servigestbarberan.es\/cat\/wp-json\/wp\/v2\/pages"}],"about":[{"href":"https:\/\/servigestbarberan.es\/cat\/wp-json\/wp\/v2\/types\/page"}],"author":[{"embeddable":true,"href":"https:\/\/servigestbarberan.es\/cat\/wp-json\/wp\/v2\/users\/2"}],"replies":[{"embeddable":true,"href":"https:\/\/servigestbarberan.es\/cat\/wp-json\/wp\/v2\/comments?post=273"}],"version-history":[{"count":0,"href":"https:\/\/servigestbarberan.es\/cat\/wp-json\/wp\/v2\/pages\/273\/revisions"}],"wp:attachment":[{"href":"https:\/\/servigestbarberan.es\/cat\/wp-json\/wp\/v2\/media?parent=273"}],"curies":[{"name":"wp","href":"https:\/\/api.w.org\/{rel}","templated":true}]}}