{"id":255,"date":"2023-08-28T13:00:38","date_gmt":"2023-08-28T13:00:38","guid":{"rendered":"https:\/\/servigestbarberan.es\/?page_id=255"},"modified":"2024-10-25T13:53:25","modified_gmt":"2024-10-25T13:53:25","slug":"laboral","status":"publish","type":"page","link":"https:\/\/servigestbarberan.es\/cat\/laboral\/","title":{"rendered":"Laboral"},"content":{"rendered":"\t\t<div data-elementor-type=\"wp-page\" data-elementor-id=\"255\" class=\"elementor elementor-255\" data-elementor-post-type=\"page\">\n\t\t\t\t<div class=\"elementor-element elementor-element-4668509 e-flex e-con-boxed e-con e-parent\" data-id=\"4668509\" data-element_type=\"container\" data-e-type=\"container\" data-settings=\"{&quot;background_background&quot;:&quot;classic&quot;}\">\n\t\t\t\t\t<div class=\"e-con-inner\">\n\t\t\t\t<div class=\"elementor-element elementor-element-34153cf elementor-widget elementor-widget-heading\" data-id=\"34153cf\" data-element_type=\"widget\" data-e-type=\"widget\" data-widget_type=\"heading.default\">\n\t\t\t\t<div class=\"elementor-widget-container\">\n\t\t\t\t\t<h1 class=\"elementor-heading-title elementor-size-default\">Laboral<\/h1>\t\t\t\t<\/div>\n\t\t\t\t<\/div>\n\t\t\t\t\t<\/div>\n\t\t\t\t<\/div>\n\t\t<div class=\"elementor-element elementor-element-3fdc26d e-flex e-con-boxed e-con e-parent\" data-id=\"3fdc26d\" data-element_type=\"container\" data-e-type=\"container\" data-settings=\"{&quot;background_background&quot;:&quot;classic&quot;}\">\n\t\t\t\t\t<div class=\"e-con-inner\">\n\t\t\t\t<div class=\"elementor-element elementor-element-d34af90 elementor-widget elementor-widget-heading\" data-id=\"d34af90\" data-element_type=\"widget\" data-e-type=\"widget\" data-widget_type=\"heading.default\">\n\t\t\t\t<div class=\"elementor-widget-container\">\n\t\t\t\t\t<span class=\"elementor-heading-title elementor-size-default\">\u201cLes activitats i relacions laborals dins d\u2019una empresa o negoci, representen la gesti\u00f3 dels actius m\u00e9s importants: les persones\u201c.<\/span>\t\t\t\t<\/div>\n\t\t\t\t<\/div>\n\t\t\t\t\t<\/div>\n\t\t\t\t<\/div>\n\t\t<div class=\"elementor-element elementor-element-6b75835 e-flex e-con-boxed e-con e-parent\" data-id=\"6b75835\" data-element_type=\"container\" data-e-type=\"container\">\n\t\t\t\t\t<div class=\"e-con-inner\">\n\t\t\t\t<div class=\"elementor-element elementor-element-78ea7c3 elementor-widget elementor-widget-text-editor\" data-id=\"78ea7c3\" data-element_type=\"widget\" data-e-type=\"widget\" data-widget_type=\"text-editor.default\">\n\t\t\t\t<div class=\"elementor-widget-container\">\n\t\t\t\t\t\t\t\t\t<p>El departament Laboral \u00e9s una extensi\u00f3 din\u00e0mica dels nostres clients. Assoleixen les funcions b\u00e0siques de les relacions entre els treballadors i les empreses.<\/p><p>La gesti\u00f3 i formalitzaci\u00f3 de les contractacions laborals sota els par\u00e0metres i les condicions legals establertes pels organismes oficials, aix\u00ed com l\u2019elaboraci\u00f3, el control i execuci\u00f3 dels fulls de salaris segons els convenis laborals existents, s\u00f3n els principals \u00e0mbits d\u2019actuaci\u00f3.<\/p><p>Les funcions laborals tamb\u00e9 inclouen moltes altres funcions que es porten a terme amb rigorosa professionalitat i dedicaci\u00f3 i sempre, amb el contacte directe i constant amb els nostres clients.<\/p><p>Entre altres funcions, realitzem l\u2019assessorament legal en l\u2019entorn laboral, la gesti\u00f3 de las baixes per incapacitat temporal i la gesti\u00f3 i els tr\u00e0mits amb els organismes p\u00fablics, com la Seguretat Social, derivats de les relacions laborals de l\u2019activitat empresarial dels nostres clients.<\/p>\t\t\t\t\t\t\t\t<\/div>\n\t\t\t\t<\/div>\n\t\t\t\t\t<\/div>\n\t\t\t\t<\/div>\n\t\t\t\t<\/div>\n\t\t","protected":false},"excerpt":{"rendered":"<p>\u201cLes activitats i relacions laborals dins d\u2019una empresa o negoci, representen la gesti\u00f3 dels actius m\u00e9s importants: les persones\u201c. El departament Laboral \u00e9s una extensi\u00f3 din\u00e0mica dels nostres clients. Assoleixen les funcions b\u00e0siques de les relacions entre els treballadors i les empreses. La gesti\u00f3 i formalitzaci\u00f3 de les contractacions laborals sota els par\u00e0metres i les [&hellip;]<\/p>\n","protected":false},"author":2,"featured_media":0,"parent":0,"menu_order":0,"comment_status":"closed","ping_status":"closed","template":"","meta":{"footnotes":""},"class_list":["post-255","page","type-page","status-publish","hentry"],"yoast_head":"<!-- This site is optimized with the Yoast SEO plugin v27.4 - https:\/\/yoast.com\/product\/yoast-seo-wordpress\/ -->\n<title>Laboral - Servigest barberan CAT<\/title>\n<meta name=\"robots\" content=\"index, follow, max-snippet:-1, max-image-preview:large, max-video-preview:-1\" \/>\n<link rel=\"canonical\" href=\"https:\/\/servigestbarberan.es\/cat\/laboral\/\" \/>\n<meta property=\"og:locale\" content=\"ca_ES\" \/>\n<meta property=\"og:type\" content=\"article\" \/>\n<meta property=\"og:title\" content=\"Laboral - Servigest barberan CAT\" \/>\n<meta property=\"og:description\" content=\"\u201cLes activitats i relacions laborals dins d\u2019una empresa o negoci, representen la gesti\u00f3 dels actius m\u00e9s importants: les persones\u201c. El departament Laboral \u00e9s una extensi\u00f3 din\u00e0mica dels nostres clients. Assoleixen les funcions b\u00e0siques de les relacions entre els treballadors i les empreses. La gesti\u00f3 i formalitzaci\u00f3 de les contractacions laborals sota els par\u00e0metres i les [&hellip;]\" \/>\n<meta property=\"og:url\" content=\"https:\/\/servigestbarberan.es\/cat\/laboral\/\" \/>\n<meta property=\"og:site_name\" content=\"Servigest barberan CAT\" \/>\n<meta property=\"article:modified_time\" content=\"2024-10-25T13:53:25+00:00\" \/>\n<meta name=\"twitter:card\" content=\"summary_large_image\" \/>\n<meta name=\"twitter:label1\" content=\"Temps estimat de lectura\" \/>\n\t<meta name=\"twitter:data1\" content=\"1 minut\" \/>\n<script type=\"application\/ld+json\" class=\"yoast-schema-graph\">{\"@context\":\"https:\\\/\\\/schema.org\",\"@graph\":[{\"@type\":\"WebPage\",\"@id\":\"https:\\\/\\\/servigestbarberan.es\\\/cat\\\/laboral\\\/\",\"url\":\"https:\\\/\\\/servigestbarberan.es\\\/cat\\\/laboral\\\/\",\"name\":\"Laboral - Servigest barberan CAT\",\"isPartOf\":{\"@id\":\"https:\\\/\\\/servigestbarberan.es\\\/cat\\\/#website\"},\"datePublished\":\"2023-08-28T13:00:38+00:00\",\"dateModified\":\"2024-10-25T13:53:25+00:00\",\"breadcrumb\":{\"@id\":\"https:\\\/\\\/servigestbarberan.es\\\/cat\\\/laboral\\\/#breadcrumb\"},\"inLanguage\":\"ca\",\"potentialAction\":[{\"@type\":\"ReadAction\",\"target\":[\"https:\\\/\\\/servigestbarberan.es\\\/cat\\\/laboral\\\/\"]}]},{\"@type\":\"BreadcrumbList\",\"@id\":\"https:\\\/\\\/servigestbarberan.es\\\/cat\\\/laboral\\\/#breadcrumb\",\"itemListElement\":[{\"@type\":\"ListItem\",\"position\":1,\"name\":\"Portada\",\"item\":\"https:\\\/\\\/servigestbarberan.es\\\/cat\\\/\"},{\"@type\":\"ListItem\",\"position\":2,\"name\":\"Laboral\"}]},{\"@type\":\"WebSite\",\"@id\":\"https:\\\/\\\/servigestbarberan.es\\\/cat\\\/#website\",\"url\":\"https:\\\/\\\/servigestbarberan.es\\\/cat\\\/\",\"name\":\"Servigest barberan CAT\",\"description\":\"Consultoria d&#039;empreses\",\"publisher\":{\"@id\":\"https:\\\/\\\/servigestbarberan.es\\\/cat\\\/#organization\"},\"potentialAction\":[{\"@type\":\"SearchAction\",\"target\":{\"@type\":\"EntryPoint\",\"urlTemplate\":\"https:\\\/\\\/servigestbarberan.es\\\/cat\\\/?s={search_term_string}\"},\"query-input\":{\"@type\":\"PropertyValueSpecification\",\"valueRequired\":true,\"valueName\":\"search_term_string\"}}],\"inLanguage\":\"ca\"},{\"@type\":\"Organization\",\"@id\":\"https:\\\/\\\/servigestbarberan.es\\\/cat\\\/#organization\",\"name\":\"Servigest barberan CAT\",\"url\":\"https:\\\/\\\/servigestbarberan.es\\\/cat\\\/\",\"logo\":{\"@type\":\"ImageObject\",\"inLanguage\":\"ca\",\"@id\":\"https:\\\/\\\/servigestbarberan.es\\\/cat\\\/#\\\/schema\\\/logo\\\/image\\\/\",\"url\":\"https:\\\/\\\/servigestbarberan.es\\\/cat\\\/wp-content\\\/uploads\\\/sites\\\/2\\\/2021\\\/06\\\/favicon.png\",\"contentUrl\":\"https:\\\/\\\/servigestbarberan.es\\\/cat\\\/wp-content\\\/uploads\\\/sites\\\/2\\\/2021\\\/06\\\/favicon.png\",\"width\":86,\"height\":117,\"caption\":\"Servigest barberan CAT\"},\"image\":{\"@id\":\"https:\\\/\\\/servigestbarberan.es\\\/cat\\\/#\\\/schema\\\/logo\\\/image\\\/\"},\"sameAs\":[\"https:\\\/\\\/www.linkedin.com\\\/company\\\/servigest-barberan\\\/\"]}]}<\/script>\n<!-- \/ Yoast SEO plugin. -->","yoast_head_json":{"title":"Laboral - Servigest barberan CAT","robots":{"index":"index","follow":"follow","max-snippet":"max-snippet:-1","max-image-preview":"max-image-preview:large","max-video-preview":"max-video-preview:-1"},"canonical":"https:\/\/servigestbarberan.es\/cat\/laboral\/","og_locale":"ca_ES","og_type":"article","og_title":"Laboral - Servigest barberan CAT","og_description":"\u201cLes activitats i relacions laborals dins d\u2019una empresa o negoci, representen la gesti\u00f3 dels actius m\u00e9s importants: les persones\u201c. El departament Laboral \u00e9s una extensi\u00f3 din\u00e0mica dels nostres clients. Assoleixen les funcions b\u00e0siques de les relacions entre els treballadors i les empreses. La gesti\u00f3 i formalitzaci\u00f3 de les contractacions laborals sota els par\u00e0metres i les [&hellip;]","og_url":"https:\/\/servigestbarberan.es\/cat\/laboral\/","og_site_name":"Servigest barberan CAT","article_modified_time":"2024-10-25T13:53:25+00:00","twitter_card":"summary_large_image","twitter_misc":{"Temps estimat de lectura":"1 minut"},"schema":{"@context":"https:\/\/schema.org","@graph":[{"@type":"WebPage","@id":"https:\/\/servigestbarberan.es\/cat\/laboral\/","url":"https:\/\/servigestbarberan.es\/cat\/laboral\/","name":"Laboral - Servigest barberan CAT","isPartOf":{"@id":"https:\/\/servigestbarberan.es\/cat\/#website"},"datePublished":"2023-08-28T13:00:38+00:00","dateModified":"2024-10-25T13:53:25+00:00","breadcrumb":{"@id":"https:\/\/servigestbarberan.es\/cat\/laboral\/#breadcrumb"},"inLanguage":"ca","potentialAction":[{"@type":"ReadAction","target":["https:\/\/servigestbarberan.es\/cat\/laboral\/"]}]},{"@type":"BreadcrumbList","@id":"https:\/\/servigestbarberan.es\/cat\/laboral\/#breadcrumb","itemListElement":[{"@type":"ListItem","position":1,"name":"Portada","item":"https:\/\/servigestbarberan.es\/cat\/"},{"@type":"ListItem","position":2,"name":"Laboral"}]},{"@type":"WebSite","@id":"https:\/\/servigestbarberan.es\/cat\/#website","url":"https:\/\/servigestbarberan.es\/cat\/","name":"Servigest barberan CAT","description":"Consultoria d&#039;empreses","publisher":{"@id":"https:\/\/servigestbarberan.es\/cat\/#organization"},"potentialAction":[{"@type":"SearchAction","target":{"@type":"EntryPoint","urlTemplate":"https:\/\/servigestbarberan.es\/cat\/?s={search_term_string}"},"query-input":{"@type":"PropertyValueSpecification","valueRequired":true,"valueName":"search_term_string"}}],"inLanguage":"ca"},{"@type":"Organization","@id":"https:\/\/servigestbarberan.es\/cat\/#organization","name":"Servigest barberan CAT","url":"https:\/\/servigestbarberan.es\/cat\/","logo":{"@type":"ImageObject","inLanguage":"ca","@id":"https:\/\/servigestbarberan.es\/cat\/#\/schema\/logo\/image\/","url":"https:\/\/servigestbarberan.es\/cat\/wp-content\/uploads\/sites\/2\/2021\/06\/favicon.png","contentUrl":"https:\/\/servigestbarberan.es\/cat\/wp-content\/uploads\/sites\/2\/2021\/06\/favicon.png","width":86,"height":117,"caption":"Servigest barberan CAT"},"image":{"@id":"https:\/\/servigestbarberan.es\/cat\/#\/schema\/logo\/image\/"},"sameAs":["https:\/\/www.linkedin.com\/company\/servigest-barberan\/"]}]}},"_links":{"self":[{"href":"https:\/\/servigestbarberan.es\/cat\/wp-json\/wp\/v2\/pages\/255","targetHints":{"allow":["GET"]}}],"collection":[{"href":"https:\/\/servigestbarberan.es\/cat\/wp-json\/wp\/v2\/pages"}],"about":[{"href":"https:\/\/servigestbarberan.es\/cat\/wp-json\/wp\/v2\/types\/page"}],"author":[{"embeddable":true,"href":"https:\/\/servigestbarberan.es\/cat\/wp-json\/wp\/v2\/users\/2"}],"replies":[{"embeddable":true,"href":"https:\/\/servigestbarberan.es\/cat\/wp-json\/wp\/v2\/comments?post=255"}],"version-history":[{"count":0,"href":"https:\/\/servigestbarberan.es\/cat\/wp-json\/wp\/v2\/pages\/255\/revisions"}],"wp:attachment":[{"href":"https:\/\/servigestbarberan.es\/cat\/wp-json\/wp\/v2\/media?parent=255"}],"curies":[{"name":"wp","href":"https:\/\/api.w.org\/{rel}","templated":true}]}}