{"id":253,"date":"2023-08-28T13:00:11","date_gmt":"2023-08-28T13:00:11","guid":{"rendered":"https:\/\/servigestbarberan.es\/?page_id=253"},"modified":"2025-01-10T18:33:15","modified_gmt":"2025-01-10T18:33:15","slug":"fiscal-contable","status":"publish","type":"page","link":"https:\/\/servigestbarberan.es\/cat\/fiscal-contable\/","title":{"rendered":"Fiscal &#8211; Contable"},"content":{"rendered":"\t\t<div data-elementor-type=\"wp-page\" data-elementor-id=\"253\" class=\"elementor elementor-253\" data-elementor-post-type=\"page\">\n\t\t\t\t<div class=\"elementor-element elementor-element-0f1692b e-flex e-con-boxed e-con e-parent\" data-id=\"0f1692b\" data-element_type=\"container\" data-e-type=\"container\" data-settings=\"{&quot;background_background&quot;:&quot;classic&quot;}\">\n\t\t\t\t\t<div class=\"e-con-inner\">\n\t\t\t\t<div class=\"elementor-element elementor-element-2e0b673 elementor-widget elementor-widget-heading\" data-id=\"2e0b673\" data-element_type=\"widget\" data-e-type=\"widget\" data-widget_type=\"heading.default\">\n\t\t\t\t<div class=\"elementor-widget-container\">\n\t\t\t\t\t<h2 class=\"elementor-heading-title elementor-size-default\">Fiscal - Comptable<\/h2>\t\t\t\t<\/div>\n\t\t\t\t<\/div>\n\t\t\t\t\t<\/div>\n\t\t\t\t<\/div>\n\t\t<div class=\"elementor-element elementor-element-4166025 e-flex e-con-boxed e-con e-parent\" data-id=\"4166025\" data-element_type=\"container\" data-e-type=\"container\" data-settings=\"{&quot;background_background&quot;:&quot;classic&quot;}\">\n\t\t\t\t\t<div class=\"e-con-inner\">\n\t\t\t\t<div class=\"elementor-element elementor-element-1bc90f2 elementor-widget elementor-widget-heading\" data-id=\"1bc90f2\" data-element_type=\"widget\" data-e-type=\"widget\" data-widget_type=\"heading.default\">\n\t\t\t\t<div class=\"elementor-widget-container\">\n\t\t\t\t\t<span class=\"elementor-heading-title elementor-size-default\">\u201cLa comptabilitat \u00e9s el reflex econ\u00f2mic i financer d\u2019un projecte empresarial en un moment temporal concret.\u201d<\/span>\t\t\t\t<\/div>\n\t\t\t\t<\/div>\n\t\t\t\t\t<\/div>\n\t\t\t\t<\/div>\n\t\t<div class=\"elementor-element elementor-element-50ef7d5 e-flex e-con-boxed e-con e-parent\" data-id=\"50ef7d5\" data-element_type=\"container\" data-e-type=\"container\">\n\t\t\t\t\t<div class=\"e-con-inner\">\n\t\t\t\t<div class=\"elementor-element elementor-element-9a1c2e4 elementor-widget elementor-widget-text-editor\" data-id=\"9a1c2e4\" data-element_type=\"widget\" data-e-type=\"widget\" data-widget_type=\"text-editor.default\">\n\t\t\t\t<div class=\"elementor-widget-container\">\n\t\t\t\t\t\t\t\t\t<p>La gesti\u00f3 de la documentaci\u00f3, l\u2019elaboraci\u00f3 dels processos comptables, els sistemes de control i qualitat, la formaci\u00f3 continua i l\u2019actualitzaci\u00f3 constant de les normatives tributaries, s\u00f3n els pilars del nostre departament Comptable i Fiscal.<\/p><p>Un equip de professionals especialitzats que treballa amb contacte directe i constant amb cada client, per obtenir tots el beneficis i informaci\u00f3 vital pel correcte funcionament i la consecuci\u00f3 dels objectius de les empreses i negocis dels nostres clients.<\/p><p>La comptabilitat esdev\u00e9 una eina primordial per tenir una fotografia real de la situaci\u00f3 econ\u00f2mica d\u2019una empresa o negoci. A trav\u00e9s d\u2019un an\u00e0lisi objectiu, la informaci\u00f3 comptable permet establir par\u00e0metres d\u2019evoluci\u00f3 i creixement o detecci\u00f3 d\u2019anomalies o tend\u00e8ncies a millorar.<\/p>\t\t\t\t\t\t\t\t<\/div>\n\t\t\t\t<\/div>\n\t\t\t\t\t<\/div>\n\t\t\t\t<\/div>\n\t\t\t\t<\/div>\n\t\t","protected":false},"excerpt":{"rendered":"<p>Fiscal &#8211; Comptable \u201cLa comptabilitat \u00e9s el reflex econ\u00f2mic i financer d\u2019un projecte empresarial en un moment temporal concret.\u201d La gesti\u00f3 de la documentaci\u00f3, l\u2019elaboraci\u00f3 dels processos comptables, els sistemes de control i qualitat, la formaci\u00f3 continua i l\u2019actualitzaci\u00f3 constant de les normatives tributaries, s\u00f3n els pilars del nostre departament Comptable i Fiscal. Un equip [&hellip;]<\/p>\n","protected":false},"author":2,"featured_media":0,"parent":0,"menu_order":0,"comment_status":"closed","ping_status":"closed","template":"","meta":{"footnotes":""},"class_list":["post-253","page","type-page","status-publish","hentry"],"yoast_head":"<!-- This site is optimized with the Yoast SEO plugin v27.4 - https:\/\/yoast.com\/product\/yoast-seo-wordpress\/ -->\n<title>Fiscal - Contable - Servigest barberan CAT<\/title>\n<meta name=\"robots\" content=\"index, follow, max-snippet:-1, max-image-preview:large, max-video-preview:-1\" \/>\n<link rel=\"canonical\" href=\"https:\/\/servigestbarberan.es\/cat\/fiscal-contable\/\" \/>\n<meta property=\"og:locale\" content=\"ca_ES\" \/>\n<meta property=\"og:type\" content=\"article\" \/>\n<meta property=\"og:title\" content=\"Fiscal - Contable - Servigest barberan CAT\" \/>\n<meta property=\"og:description\" content=\"Fiscal &#8211; Comptable \u201cLa comptabilitat \u00e9s el reflex econ\u00f2mic i financer d\u2019un projecte empresarial en un moment temporal concret.\u201d La gesti\u00f3 de la documentaci\u00f3, l\u2019elaboraci\u00f3 dels processos comptables, els sistemes de control i qualitat, la formaci\u00f3 continua i l\u2019actualitzaci\u00f3 constant de les normatives tributaries, s\u00f3n els pilars del nostre departament Comptable i Fiscal. Un equip [&hellip;]\" \/>\n<meta property=\"og:url\" content=\"https:\/\/servigestbarberan.es\/cat\/fiscal-contable\/\" \/>\n<meta property=\"og:site_name\" content=\"Servigest barberan CAT\" \/>\n<meta property=\"article:modified_time\" content=\"2025-01-10T18:33:15+00:00\" \/>\n<meta name=\"twitter:card\" content=\"summary_large_image\" \/>\n<meta name=\"twitter:label1\" content=\"Temps estimat de lectura\" \/>\n\t<meta name=\"twitter:data1\" content=\"1 minut\" \/>\n<script type=\"application\/ld+json\" class=\"yoast-schema-graph\">{\"@context\":\"https:\\\/\\\/schema.org\",\"@graph\":[{\"@type\":\"WebPage\",\"@id\":\"https:\\\/\\\/servigestbarberan.es\\\/cat\\\/fiscal-contable\\\/\",\"url\":\"https:\\\/\\\/servigestbarberan.es\\\/cat\\\/fiscal-contable\\\/\",\"name\":\"Fiscal - Contable - Servigest barberan CAT\",\"isPartOf\":{\"@id\":\"https:\\\/\\\/servigestbarberan.es\\\/cat\\\/#website\"},\"datePublished\":\"2023-08-28T13:00:11+00:00\",\"dateModified\":\"2025-01-10T18:33:15+00:00\",\"breadcrumb\":{\"@id\":\"https:\\\/\\\/servigestbarberan.es\\\/cat\\\/fiscal-contable\\\/#breadcrumb\"},\"inLanguage\":\"ca\",\"potentialAction\":[{\"@type\":\"ReadAction\",\"target\":[\"https:\\\/\\\/servigestbarberan.es\\\/cat\\\/fiscal-contable\\\/\"]}]},{\"@type\":\"BreadcrumbList\",\"@id\":\"https:\\\/\\\/servigestbarberan.es\\\/cat\\\/fiscal-contable\\\/#breadcrumb\",\"itemListElement\":[{\"@type\":\"ListItem\",\"position\":1,\"name\":\"Portada\",\"item\":\"https:\\\/\\\/servigestbarberan.es\\\/cat\\\/\"},{\"@type\":\"ListItem\",\"position\":2,\"name\":\"Fiscal &#8211; Contable\"}]},{\"@type\":\"WebSite\",\"@id\":\"https:\\\/\\\/servigestbarberan.es\\\/cat\\\/#website\",\"url\":\"https:\\\/\\\/servigestbarberan.es\\\/cat\\\/\",\"name\":\"Servigest barberan CAT\",\"description\":\"Consultoria d&#039;empreses\",\"publisher\":{\"@id\":\"https:\\\/\\\/servigestbarberan.es\\\/cat\\\/#organization\"},\"potentialAction\":[{\"@type\":\"SearchAction\",\"target\":{\"@type\":\"EntryPoint\",\"urlTemplate\":\"https:\\\/\\\/servigestbarberan.es\\\/cat\\\/?s={search_term_string}\"},\"query-input\":{\"@type\":\"PropertyValueSpecification\",\"valueRequired\":true,\"valueName\":\"search_term_string\"}}],\"inLanguage\":\"ca\"},{\"@type\":\"Organization\",\"@id\":\"https:\\\/\\\/servigestbarberan.es\\\/cat\\\/#organization\",\"name\":\"Servigest barberan CAT\",\"url\":\"https:\\\/\\\/servigestbarberan.es\\\/cat\\\/\",\"logo\":{\"@type\":\"ImageObject\",\"inLanguage\":\"ca\",\"@id\":\"https:\\\/\\\/servigestbarberan.es\\\/cat\\\/#\\\/schema\\\/logo\\\/image\\\/\",\"url\":\"https:\\\/\\\/servigestbarberan.es\\\/cat\\\/wp-content\\\/uploads\\\/sites\\\/2\\\/2021\\\/06\\\/favicon.png\",\"contentUrl\":\"https:\\\/\\\/servigestbarberan.es\\\/cat\\\/wp-content\\\/uploads\\\/sites\\\/2\\\/2021\\\/06\\\/favicon.png\",\"width\":86,\"height\":117,\"caption\":\"Servigest barberan CAT\"},\"image\":{\"@id\":\"https:\\\/\\\/servigestbarberan.es\\\/cat\\\/#\\\/schema\\\/logo\\\/image\\\/\"},\"sameAs\":[\"https:\\\/\\\/www.linkedin.com\\\/company\\\/servigest-barberan\\\/\"]}]}<\/script>\n<!-- \/ Yoast SEO plugin. -->","yoast_head_json":{"title":"Fiscal - Contable - Servigest barberan CAT","robots":{"index":"index","follow":"follow","max-snippet":"max-snippet:-1","max-image-preview":"max-image-preview:large","max-video-preview":"max-video-preview:-1"},"canonical":"https:\/\/servigestbarberan.es\/cat\/fiscal-contable\/","og_locale":"ca_ES","og_type":"article","og_title":"Fiscal - Contable - Servigest barberan CAT","og_description":"Fiscal &#8211; Comptable \u201cLa comptabilitat \u00e9s el reflex econ\u00f2mic i financer d\u2019un projecte empresarial en un moment temporal concret.\u201d La gesti\u00f3 de la documentaci\u00f3, l\u2019elaboraci\u00f3 dels processos comptables, els sistemes de control i qualitat, la formaci\u00f3 continua i l\u2019actualitzaci\u00f3 constant de les normatives tributaries, s\u00f3n els pilars del nostre departament Comptable i Fiscal. Un equip [&hellip;]","og_url":"https:\/\/servigestbarberan.es\/cat\/fiscal-contable\/","og_site_name":"Servigest barberan CAT","article_modified_time":"2025-01-10T18:33:15+00:00","twitter_card":"summary_large_image","twitter_misc":{"Temps estimat de lectura":"1 minut"},"schema":{"@context":"https:\/\/schema.org","@graph":[{"@type":"WebPage","@id":"https:\/\/servigestbarberan.es\/cat\/fiscal-contable\/","url":"https:\/\/servigestbarberan.es\/cat\/fiscal-contable\/","name":"Fiscal - Contable - Servigest barberan CAT","isPartOf":{"@id":"https:\/\/servigestbarberan.es\/cat\/#website"},"datePublished":"2023-08-28T13:00:11+00:00","dateModified":"2025-01-10T18:33:15+00:00","breadcrumb":{"@id":"https:\/\/servigestbarberan.es\/cat\/fiscal-contable\/#breadcrumb"},"inLanguage":"ca","potentialAction":[{"@type":"ReadAction","target":["https:\/\/servigestbarberan.es\/cat\/fiscal-contable\/"]}]},{"@type":"BreadcrumbList","@id":"https:\/\/servigestbarberan.es\/cat\/fiscal-contable\/#breadcrumb","itemListElement":[{"@type":"ListItem","position":1,"name":"Portada","item":"https:\/\/servigestbarberan.es\/cat\/"},{"@type":"ListItem","position":2,"name":"Fiscal &#8211; Contable"}]},{"@type":"WebSite","@id":"https:\/\/servigestbarberan.es\/cat\/#website","url":"https:\/\/servigestbarberan.es\/cat\/","name":"Servigest barberan CAT","description":"Consultoria d&#039;empreses","publisher":{"@id":"https:\/\/servigestbarberan.es\/cat\/#organization"},"potentialAction":[{"@type":"SearchAction","target":{"@type":"EntryPoint","urlTemplate":"https:\/\/servigestbarberan.es\/cat\/?s={search_term_string}"},"query-input":{"@type":"PropertyValueSpecification","valueRequired":true,"valueName":"search_term_string"}}],"inLanguage":"ca"},{"@type":"Organization","@id":"https:\/\/servigestbarberan.es\/cat\/#organization","name":"Servigest barberan CAT","url":"https:\/\/servigestbarberan.es\/cat\/","logo":{"@type":"ImageObject","inLanguage":"ca","@id":"https:\/\/servigestbarberan.es\/cat\/#\/schema\/logo\/image\/","url":"https:\/\/servigestbarberan.es\/cat\/wp-content\/uploads\/sites\/2\/2021\/06\/favicon.png","contentUrl":"https:\/\/servigestbarberan.es\/cat\/wp-content\/uploads\/sites\/2\/2021\/06\/favicon.png","width":86,"height":117,"caption":"Servigest barberan CAT"},"image":{"@id":"https:\/\/servigestbarberan.es\/cat\/#\/schema\/logo\/image\/"},"sameAs":["https:\/\/www.linkedin.com\/company\/servigest-barberan\/"]}]}},"_links":{"self":[{"href":"https:\/\/servigestbarberan.es\/cat\/wp-json\/wp\/v2\/pages\/253","targetHints":{"allow":["GET"]}}],"collection":[{"href":"https:\/\/servigestbarberan.es\/cat\/wp-json\/wp\/v2\/pages"}],"about":[{"href":"https:\/\/servigestbarberan.es\/cat\/wp-json\/wp\/v2\/types\/page"}],"author":[{"embeddable":true,"href":"https:\/\/servigestbarberan.es\/cat\/wp-json\/wp\/v2\/users\/2"}],"replies":[{"embeddable":true,"href":"https:\/\/servigestbarberan.es\/cat\/wp-json\/wp\/v2\/comments?post=253"}],"version-history":[{"count":0,"href":"https:\/\/servigestbarberan.es\/cat\/wp-json\/wp\/v2\/pages\/253\/revisions"}],"wp:attachment":[{"href":"https:\/\/servigestbarberan.es\/cat\/wp-json\/wp\/v2\/media?parent=253"}],"curies":[{"name":"wp","href":"https:\/\/api.w.org\/{rel}","templated":true}]}}